{"id":682,"date":"2023-06-29T06:05:24","date_gmt":"2023-06-29T09:05:24","guid":{"rendered":"https:\/\/memoriappgpse.ip.usp.br\/?page_id=682"},"modified":"2024-02-05T11:45:56","modified_gmt":"2024-02-05T14:45:56","slug":"reunioes-da-ccp-pse","status":"publish","type":"page","link":"https:\/\/memoriappgpse.ip.usp.br\/es\/ccp-pse\/reunioes-da-ccp-pse\/","title":{"rendered":"Reuniones da CCP-PSE"},"content":{"rendered":"<h2>2023<\/h2>\n<p><a href=\"https:\/\/memoriappgpse.ip.usp.br\/wp-content\/uploads\/sites\/822\/2023\/06\/Ata-reuniao-CCP-PSE-2023-05-09.pdf\">Ata da 4\u00aa sess\u00e3o (Ordin\u00e1ria) da Comiss\u00e3o Coordenadora do Programa de P\u00f3s-Gradua\u00e7\u00e3o em Psicologia Experimental<\/a><\/p>\n<p><a href=\"https:\/\/memoriappgpse.ip.usp.br\/wp-content\/uploads\/sites\/822\/2023\/06\/Ata-comissao-de-bolsa-selecao-2023-1.pdf\">Ata da comiss\u00e3o de bolsa sele\u00e7\u00e3o primeiro semestre de 2023<\/a><\/p>\n<h2>Datas das pr\u00f3ximas reuni\u00f5es<\/h2>\n<p>28 de Agosto de 2023<\/p>\n<p>25 de Setembro de 2023<\/p>\n<p>30 de Outubro de 2023<\/p>\n<p>27 de Novembro de 2023","protected":false},"excerpt":{"rendered":"<p>2023 Ata da 4\u00aa sess\u00e3o (Ordin\u00e1ria) da Comiss\u00e3o Coordenadora do Programa de P\u00f3s-Gradua\u00e7\u00e3o em Psicologia Experimental Ata da comiss\u00e3o de bolsa sele\u00e7\u00e3o primeiro semestre de 2023 Datas das pr\u00f3ximas reuni\u00f5es 28 de Agosto de 2023 25 de Setembro de 2023 30 de Outubro de 2023 27 de Novembro de 2023<\/p>\n","protected":false},"author":21984,"featured_media":0,"parent":53,"menu_order":0,"comment_status":"closed","ping_status":"closed","template":"","meta":{"_monsterinsights_skip_tracking":false,"_monsterinsights_sitenote_active":false,"_monsterinsights_sitenote_note":"","_monsterinsights_sitenote_category":0,"footnotes":"","_links_to":"","_links_to_target":""},"class_list":["post-682","page","type-page","status-publish","hentry"],"_links":{"self":[{"href":"https:\/\/memoriappgpse.ip.usp.br\/es\/wp-json\/wp\/v2\/pages\/682","targetHints":{"allow":["GET"]}}],"collection":[{"href":"https:\/\/memoriappgpse.ip.usp.br\/es\/wp-json\/wp\/v2\/pages"}],"about":[{"href":"https:\/\/memoriappgpse.ip.usp.br\/es\/wp-json\/wp\/v2\/types\/page"}],"author":[{"embeddable":true,"href":"https:\/\/memoriappgpse.ip.usp.br\/es\/wp-json\/wp\/v2\/users\/21984"}],"replies":[{"embeddable":true,"href":"https:\/\/memoriappgpse.ip.usp.br\/es\/wp-json\/wp\/v2\/comments?post=682"}],"version-history":[{"count":4,"href":"https:\/\/memoriappgpse.ip.usp.br\/es\/wp-json\/wp\/v2\/pages\/682\/revisions"}],"predecessor-version":[{"id":966,"href":"https:\/\/memoriappgpse.ip.usp.br\/es\/wp-json\/wp\/v2\/pages\/682\/revisions\/966"}],"up":[{"embeddable":true,"href":"https:\/\/memoriappgpse.ip.usp.br\/es\/wp-json\/wp\/v2\/pages\/53"}],"wp:attachment":[{"href":"https:\/\/memoriappgpse.ip.usp.br\/es\/wp-json\/wp\/v2\/media?parent=682"}],"curies":[{"name":"wp","href":"https:\/\/api.w.org\/{rel}","templated":true}]}}