{"id":53,"date":"2020-11-20T14:49:05","date_gmt":"2020-11-20T17:49:05","guid":{"rendered":"https:\/\/memoriappgpse.ip.usp.br\/?page_id=53"},"modified":"2023-06-19T11:04:04","modified_gmt":"2023-06-19T14:04:04","slug":"ccp-pse","status":"publish","type":"page","link":"https:\/\/memoriappgpse.ip.usp.br\/es\/ccp-pse\/","title":{"rendered":"CCP-PSE"},"content":{"rendered":"<strong>Periodo de 09\/2022 a 09\/2023:<\/strong><\/p>\n<p><em>Miembros efectivos:<\/em><\/p>\n<p>Prof. Danilo Silva Guimar\u00e3es (coordenador)<br \/>\nProfa. Briseida Dogo de Resende (vice-coordenadora)<br \/>\nProfa.\u00a0Maria Martha Costa H\u00fcbner<br \/>\nProf. Marcelo Fernandes da Costa<\/p>\n<p><em>Miembros suplentes:<\/em><\/p>\n<p>Prof. Nelson Ernesto Coelho Junior<br \/>\nProf. Nicolas G\u00e9rard Ch\u00e2line<br \/>\nProfa. Paula Debert<br \/>\nProfa. Mirella Gualtieri<\/p>\n<hr \/>\n<p><strong>Periodo de 09\/2020 a 09\/2022:<\/strong><\/p>\n<p><em>Miembros efetivos:<\/em><\/p>\n<p>Prof. Danilo Silva Guimar\u00e3es (coordenador)<br \/>\nProfa. Paula Debert (vice-coordenadora)<br \/>\nProfa. Briseida Dogo de Resende<br \/>\nProfa. Mirella Gualtieri<br \/>\nMateus de Oliveira Lunardi Laureano (representante discente)<\/p>\n<p><em>Miembros suplentes:<\/em><\/p>\n<p>Prof. Nelson Ernesto Coelho Junior<br \/>\nProfa. Maria Martha Costa H\u00fcbner<br \/>\nProf. Nicolas G\u00e9rard Ch\u00e2line<br \/>\nProf. Marcelo Fernandes da Costa<br \/>\nSarah Leonardo Dias (representante discente)","protected":false},"excerpt":{"rendered":"<p>Periodo de 09\/2022 a 09\/2023: Miembros efectivos: Prof. Danilo Silva Guimar\u00e3es (coordenador) Profa. Briseida Dogo de Resende (vice-coordenadora) Profa.\u00a0Maria Martha Costa H\u00fcbner Prof. Marcelo Fernandes da Costa Miembros suplentes: Prof. Nelson Ernesto Coelho Junior Prof. Nicolas G\u00e9rard Ch\u00e2line Profa. Paula Debert Profa. Mirella Gualtieri Periodo de 09\/2020 a 09\/2022: Miembros efetivos: Prof. Danilo Silva Guimar\u00e3es (coordenador) Profa. Paula Debert (vice-coordenadora) Profa. Briseida Dogo de Resende Profa. Mirella Gualtieri Mateus de Oliveira Lunardi Laureano (representante discente) Miembros suplentes: Prof. Nelson Ernesto Coelho Junior Profa. Maria Martha Costa H\u00fcbner Prof. Nicolas G\u00e9rard Ch\u00e2line Prof. Marcelo Fernandes da Costa Sarah Leonardo Dias (representante discente)<\/p>\n","protected":false},"author":21984,"featured_media":0,"parent":0,"menu_order":0,"comment_status":"closed","ping_status":"closed","template":"","meta":{"_monsterinsights_skip_tracking":false,"_monsterinsights_sitenote_active":false,"_monsterinsights_sitenote_note":"","_monsterinsights_sitenote_category":0,"footnotes":"","_links_to":"","_links_to_target":""},"class_list":["post-53","page","type-page","status-publish","hentry"],"_links":{"self":[{"href":"https:\/\/memoriappgpse.ip.usp.br\/es\/wp-json\/wp\/v2\/pages\/53","targetHints":{"allow":["GET"]}}],"collection":[{"href":"https:\/\/memoriappgpse.ip.usp.br\/es\/wp-json\/wp\/v2\/pages"}],"about":[{"href":"https:\/\/memoriappgpse.ip.usp.br\/es\/wp-json\/wp\/v2\/types\/page"}],"author":[{"embeddable":true,"href":"https:\/\/memoriappgpse.ip.usp.br\/es\/wp-json\/wp\/v2\/users\/21984"}],"replies":[{"embeddable":true,"href":"https:\/\/memoriappgpse.ip.usp.br\/es\/wp-json\/wp\/v2\/comments?post=53"}],"version-history":[{"count":4,"href":"https:\/\/memoriappgpse.ip.usp.br\/es\/wp-json\/wp\/v2\/pages\/53\/revisions"}],"predecessor-version":[{"id":630,"href":"https:\/\/memoriappgpse.ip.usp.br\/es\/wp-json\/wp\/v2\/pages\/53\/revisions\/630"}],"wp:attachment":[{"href":"https:\/\/memoriappgpse.ip.usp.br\/es\/wp-json\/wp\/v2\/media?parent=53"}],"curies":[{"name":"wp","href":"https:\/\/api.w.org\/{rel}","templated":true}]}}