{"id":366,"date":"2023-03-10T18:56:22","date_gmt":"2023-03-10T21:56:22","guid":{"rendered":"https:\/\/memoriappgpse.ip.usp.br\/?page_id=366"},"modified":"2023-10-16T11:15:31","modified_gmt":"2023-10-16T14:15:31","slug":"diversity","status":"publish","type":"page","link":"https:\/\/memoriappgpse.ip.usp.br\/es\/diversity\/","title":{"rendered":"L\u00edneas de investigaci\u00f3n"},"content":{"rendered":"El programa cuenta con 4 l\u00edneas de investigaci\u00f3n interrelacionadas:<\/p>\n<h4>An\u00e1lisis del Comportamiento:<\/h4>\n<p>Tiene como objetivo desarrollar investigaciones social y cient\u00edficamente relevantes sobre procesos conductuales b\u00e1sicos y complejos, con \u00e9nfasis en el aprendizaje operante. Los temas recurrentes de investigaci\u00f3n incluyen el comportamiento verbal, la cultura, el comportamiento simb\u00f3lico, la creatividad, la superstici\u00f3n, el control aversivo, la observaci\u00f3n y la variabilidad. Estas investigaciones tambi\u00e9n han propiciado el desarrollo de investigaciones interdisciplinares y aplicadas.<\/p>\n<h4>Comportamiento Animal y Etolog\u00eda Humana<\/h4>\n<p>Investiga el comportamiento de animales humanos y no humanos en t\u00e9rminos de ontogenia, funci\u00f3n adaptativa y evoluci\u00f3n. Esto incluye el an\u00e1lisis de sistemas motivacionales, la flexibilidad en la ontogenia del comportamiento, las relaciones entre la naturaleza y la cultura, y los procesos de transmisi\u00f3n social de informaci\u00f3n. Esta l\u00ednea se gu\u00eda por la aplicaci\u00f3n de los conocimientos producidos en el campo, combinando la ense\u00f1anza y la investigaci\u00f3n para contribuir a la inserci\u00f3n de los estudiantes de posgrado (y de grado) en el contexto cient\u00edfico nacional e internacional.<\/p>\n<h4>Problemas Te\u00f3ricos y Metodol\u00f3gicos de la Investigaci\u00f3n Psicol\u00f3gica<\/h4>\n<p>Tiene como objetivo desarrollar estudios sobre las condiciones y fundamentos de la producci\u00f3n del conocimiento en psicolog\u00eda en sus dimensiones hist\u00f3ricas y filos\u00f3ficas. Se centra en: a) el an\u00e1lisis y la reflexi\u00f3n hist\u00f3rico-filos\u00f3fica sobre la construcci\u00f3n de teor\u00edas en psicolog\u00eda, en su g\u00e9nesis y en su corpus conceptual; b) la propuesta de reflexiones hist\u00f3rico-filos\u00f3ficas y \u00e9ticas sobre teor\u00edas de la psicolog\u00eda en cuanto a sus objetos, metodolog\u00edas e implicaciones para la pr\u00e1ctica profesional; c) la generaci\u00f3n de nuevas propuestas te\u00f3rico-metodol\u00f3gicas en psicolog\u00eda.<\/p>\n<h4>Sensaci\u00f3n, Percepci\u00f3n y Cognici\u00f3n<\/h4>\n<p>Con el objetivo de generar conocimiento sobre la organizaci\u00f3n y el funcionamiento de los sistemas sensoriales, perceptuales y cognitivos, estudia c\u00f3mo estas dimensiones de la conciencia se relacionan con el comportamiento. Se centra en el uso del sistema visual como modelo para comprender los fen\u00f3menos neurales, estudiando el desarrollo perceptual y la lateralizaci\u00f3n de las funciones sensoriales y perceptuales. Se enfoca en el conocimiento psicofisiol\u00f3gico de los sistemas sensoriales, perceptuales y cognitivos, y c\u00f3mo se relacionan con el comportamiento, con \u00e9nfasis en la pr\u00e1ctica docente y la apropiaci\u00f3n de los m\u00e9todos experimentales y el conocimiento te\u00f3rico de la l\u00ednea de investigaci\u00f3n.","protected":false},"excerpt":{"rendered":"<p>El programa cuenta con 4 l\u00edneas de investigaci\u00f3n interrelacionadas: An\u00e1lisis del Comportamiento: Tiene como objetivo desarrollar investigaciones social y cient\u00edficamente relevantes sobre procesos conductuales b\u00e1sicos y complejos, con \u00e9nfasis en el aprendizaje operante. Los temas recurrentes de investigaci\u00f3n incluyen el comportamiento verbal, la cultura, el comportamiento simb\u00f3lico, la creatividad, la superstici\u00f3n, el control aversivo, la observaci\u00f3n y la variabilidad. Estas investigaciones tambi\u00e9n han propiciado el desarrollo de investigaciones interdisciplinares y aplicadas. Comportamiento Animal y Etolog\u00eda Humana Investiga el comportamiento de animales humanos y no humanos en t\u00e9rminos de ontogenia, funci\u00f3n adaptativa y evoluci\u00f3n. Esto incluye el an\u00e1lisis de sistemas motivacionales, la flexibilidad en la ontogenia del comportamiento, las relaciones entre la naturaleza y la cultura, y los procesos de transmisi\u00f3n social de informaci\u00f3n. Esta l\u00ednea se gu\u00eda por la aplicaci\u00f3n de los conocimientos producidos en el campo, combinando la ense\u00f1anza y la investigaci\u00f3n para contribuir a la inserci\u00f3n de los estudiantes de posgrado (y de grado) en el contexto cient\u00edfico nacional e internacional. Problemas Te\u00f3ricos y Metodol\u00f3gicos de la Investigaci\u00f3n Psicol\u00f3gica Tiene como objetivo desarrollar estudios sobre las condiciones y fundamentos de la producci\u00f3n del conocimiento en psicolog\u00eda en sus dimensiones hist\u00f3ricas y filos\u00f3ficas. Se centra en: a) el an\u00e1lisis [&#8230;]<\/p>\n","protected":false},"author":21984,"featured_media":0,"parent":0,"menu_order":0,"comment_status":"closed","ping_status":"closed","template":"","meta":{"_monsterinsights_skip_tracking":false,"_monsterinsights_sitenote_active":false,"_monsterinsights_sitenote_note":"","_monsterinsights_sitenote_category":0,"footnotes":"","_links_to":"","_links_to_target":""},"class_list":["post-366","page","type-page","status-publish","hentry"],"_links":{"self":[{"href":"https:\/\/memoriappgpse.ip.usp.br\/es\/wp-json\/wp\/v2\/pages\/366","targetHints":{"allow":["GET"]}}],"collection":[{"href":"https:\/\/memoriappgpse.ip.usp.br\/es\/wp-json\/wp\/v2\/pages"}],"about":[{"href":"https:\/\/memoriappgpse.ip.usp.br\/es\/wp-json\/wp\/v2\/types\/page"}],"author":[{"embeddable":true,"href":"https:\/\/memoriappgpse.ip.usp.br\/es\/wp-json\/wp\/v2\/users\/21984"}],"replies":[{"embeddable":true,"href":"https:\/\/memoriappgpse.ip.usp.br\/es\/wp-json\/wp\/v2\/comments?post=366"}],"version-history":[{"count":4,"href":"https:\/\/memoriappgpse.ip.usp.br\/es\/wp-json\/wp\/v2\/pages\/366\/revisions"}],"predecessor-version":[{"id":878,"href":"https:\/\/memoriappgpse.ip.usp.br\/es\/wp-json\/wp\/v2\/pages\/366\/revisions\/878"}],"wp:attachment":[{"href":"https:\/\/memoriappgpse.ip.usp.br\/es\/wp-json\/wp\/v2\/media?parent=366"}],"curies":[{"name":"wp","href":"https:\/\/api.w.org\/{rel}","templated":true}]}}