{"id":27,"date":"2020-10-23T08:05:46","date_gmt":"2020-10-23T11:05:46","guid":{"rendered":"https:\/\/memoriappgpse.ip.usp.br\/?page_id=27"},"modified":"2023-08-20T10:54:12","modified_gmt":"2023-08-20T13:54:12","slug":"pagina-inicial","status":"publish","type":"page","link":"https:\/\/memoriappgpse.ip.usp.br\/es\/","title":{"rendered":"Portal da Mem\u00f3ria do Programa de P\u00f3s-Gradua\u00e7\u00e3o em Psicologia Experimental"},"content":{"rendered":"<div id=\"pl-27\" class=\"panel-layout\">\n<div id=\"pg-27-0\" class=\"panel-grid panel-no-style\" data-style=\"{&quot;background_image_attachment&quot;:false,&quot;background_display&quot;:&quot;tile&quot;,&quot;background_image_size&quot;:&quot;full&quot;,&quot;border_thickness&quot;:&quot;1px&quot;,&quot;cell_alignment&quot;:&quot;flex-start&quot;}\" data-ratio=\"1\" data-ratio-direction=\"right\">\n<h1 id=\"pgc-27-0-0\" class=\"panel-grid-cell panel-grid-cell-empty\" data-weight=\"1\">Novedades del portal:<\/h1>\n<\/div>\n<div id=\"pg-27-1\" class=\"panel-grid panel-no-style\">\n<div id=\"pgc-27-1-0\" class=\"panel-grid-cell\" data-weight=\"1\">\n<div id=\"panel-27-1-0-0\" class=\"so-panel widget widget_mh_slider_hp mh_slider_hp panel-first-child panel-last-child\" data-index=\"0\" data-style=\"{&quot;background_image_attachment&quot;:false,&quot;background_display&quot;:&quot;tile&quot;,&quot;background_image_size&quot;:&quot;full&quot;,&quot;border_thickness&quot;:&quot;1px&quot;}\">        <section id=\"slider-9922\" class=\"flexslider\">\n\t\t\t<ul class=\"slides\">\t\t\t\t<li>\n\t\t\t\t<article class=\"slide-wrap\">\n\t\t\t\t\t<a href=\"https:\/\/memoriappgpse.ip.usp.br\/es\/2024\/10\/16\/1%e2%81%b0-encontro-de-psicologia-indigena-saude-e-bem-viver\/\" title=\"(Portugu\u00eas do Brasil) 1\u2070 Encontro de Psicologia Ind\u00edgena, Sa\u00fade e Bem-Viver\"><img loading=\"lazy\" decoding=\"async\" width=\"650\" height=\"276\" src=\"https:\/\/memoriappgpse.ip.usp.br\/wp-content\/uploads\/sites\/822\/2024\/10\/Copia-de-modelo-de-banner.png\" class=\"attachment-content size-content wp-post-image\" alt=\"\" srcset=\"https:\/\/memoriappgpse.ip.usp.br\/wp-content\/uploads\/sites\/822\/2024\/10\/Copia-de-modelo-de-banner.png 650w, https:\/\/memoriappgpse.ip.usp.br\/wp-content\/uploads\/sites\/822\/2024\/10\/Copia-de-modelo-de-banner-300x127.png 300w, https:\/\/memoriappgpse.ip.usp.br\/wp-content\/uploads\/sites\/822\/2024\/10\/Copia-de-modelo-de-banner-400x170.png 400w\" sizes=\"auto, (max-width: 650px) 100vw, 650px\" \/>\t\t\t\t\t<\/a>\n\t\t\t\t\t<div class=\"slide-caption\">\n\t\t\t\t\t\t<a href=\"https:\/\/memoriappgpse.ip.usp.br\/es\/2024\/10\/16\/1%e2%81%b0-encontro-de-psicologia-indigena-saude-e-bem-viver\/\" title=\"(Portugu\u00eas do Brasil) 1\u2070 Encontro de Psicologia Ind\u00edgena, Sa\u00fade e Bem-Viver\"><h2 class=\"slide-title\">(Portugu\u00eas do Brasil) 1\u2070 Encontro de Psicologia Ind\u00edgena, Sa\u00fade e Bem-Viver<\/h2><\/a>\n\t\t\t\t\t<\/div>\n\t\t\t\t<\/article>\n\t\t\t\t<\/li>\t\t\t\t<li>\n\t\t\t\t<article class=\"slide-wrap\">\n\t\t\t\t\t<a href=\"https:\/\/memoriappgpse.ip.usp.br\/es\/2024\/08\/26\/convite-para-leitura-artigo-sobre-racismo-nas-ciencias-comportamentais\/\" title=\"Invitaci\u00f3n a la Lectura: Art\u00edculo sobre el Racismo en las Ciencias del Comportamiento\"><img decoding=\"async\" src=\"https:\/\/memoriappgpse.ip.usp.br\/wp-content\/plugins\/mh-slider\/widget\/images\/noimage_content.png\" alt=\"No Picture\" \/>\t\t\t\t\t<\/a>\n\t\t\t\t\t<div class=\"slide-caption\">\n\t\t\t\t\t\t<a href=\"https:\/\/memoriappgpse.ip.usp.br\/es\/2024\/08\/26\/convite-para-leitura-artigo-sobre-racismo-nas-ciencias-comportamentais\/\" title=\"Invitaci\u00f3n a la Lectura: Art\u00edculo sobre el Racismo en las Ciencias del Comportamiento\"><h2 class=\"slide-title\">Invitaci\u00f3n a la Lectura: Art\u00edculo sobre el Racismo en las Ciencias del Comportamiento<\/h2><\/a>\n\t\t\t\t\t<\/div>\n\t\t\t\t<\/article>\n\t\t\t\t<\/li>\t\t\t\t<li>\n\t\t\t\t<article class=\"slide-wrap\">\n\t\t\t\t\t<a href=\"https:\/\/memoriappgpse.ip.usp.br\/es\/2024\/08\/14\/convite-i-encontro-de-divulgacao-cientifica-do-pse\/\" title=\"(Portugu\u00eas do Brasil) Convite: I Encontro de Divulga\u00e7\u00e3o Cient\u00edfica do PSE\"><img loading=\"lazy\" decoding=\"async\" width=\"650\" height=\"276\" src=\"https:\/\/memoriappgpse.ip.usp.br\/wp-content\/uploads\/sites\/822\/2024\/08\/f4ee16a8-19ec-4aec-bd95-352544c8a8b0-650x276.jpg\" class=\"attachment-content size-content wp-post-image\" alt=\"\" \/>\t\t\t\t\t<\/a>\n\t\t\t\t\t<div class=\"slide-caption\">\n\t\t\t\t\t\t<a href=\"https:\/\/memoriappgpse.ip.usp.br\/es\/2024\/08\/14\/convite-i-encontro-de-divulgacao-cientifica-do-pse\/\" title=\"(Portugu\u00eas do Brasil) Convite: I Encontro de Divulga\u00e7\u00e3o Cient\u00edfica do PSE\"><h2 class=\"slide-title\">(Portugu\u00eas do Brasil) Convite: I Encontro de Divulga\u00e7\u00e3o Cient\u00edfica do PSE<\/h2><\/a>\n\t\t\t\t\t<\/div>\n\t\t\t\t<\/article>\n\t\t\t\t<\/li>\t\t\t\t<li>\n\t\t\t\t<article class=\"slide-wrap\">\n\t\t\t\t\t<a href=\"https:\/\/memoriappgpse.ip.usp.br\/es\/2024\/07\/15\/parabens-aos-finalistas-do-premio-jabuti-academico-2024\/\" title=\"Felicitaciones a los Finalistas del Premio Jabuti Acad\u00e9mico 2024!\"><img loading=\"lazy\" decoding=\"async\" width=\"650\" height=\"276\" src=\"https:\/\/memoriappgpse.ip.usp.br\/wp-content\/uploads\/sites\/822\/2024\/07\/Captura-de-pantalla-2024-07-15-a-las-17.09.48-650x276.png\" class=\"attachment-content size-content wp-post-image\" alt=\"\" \/>\t\t\t\t\t<\/a>\n\t\t\t\t\t<div class=\"slide-caption\">\n\t\t\t\t\t\t<a href=\"https:\/\/memoriappgpse.ip.usp.br\/es\/2024\/07\/15\/parabens-aos-finalistas-do-premio-jabuti-academico-2024\/\" title=\"Felicitaciones a los Finalistas del Premio Jabuti Acad\u00e9mico 2024!\"><h2 class=\"slide-title\">Felicitaciones a los Finalistas del Premio Jabuti Acad\u00e9mico 2024!<\/h2><\/a>\n\t\t\t\t\t<\/div>\n\t\t\t\t<\/article>\n\t\t\t\t<\/li>\t\t\t\t<li>\n\t\t\t\t<article class=\"slide-wrap\">\n\t\t\t\t\t<a href=\"https:\/\/memoriappgpse.ip.usp.br\/es\/2024\/07\/08\/e-o-improving-pet-welfare-award-e-para-naila-fukimoto\/\" title=\"\u00a1Y el Improving Pet Welfare Award \u00e9 para Naila Fukimoto!\"><img loading=\"lazy\" decoding=\"async\" width=\"650\" height=\"276\" src=\"https:\/\/memoriappgpse.ip.usp.br\/wp-content\/uploads\/sites\/822\/2024\/03\/banner-The-2023-Journal-of-Veterinary-Behavior-award-winners.png\" class=\"attachment-content size-content wp-post-image\" alt=\"\" srcset=\"https:\/\/memoriappgpse.ip.usp.br\/wp-content\/uploads\/sites\/822\/2024\/03\/banner-The-2023-Journal-of-Veterinary-Behavior-award-winners.png 650w, https:\/\/memoriappgpse.ip.usp.br\/wp-content\/uploads\/sites\/822\/2024\/03\/banner-The-2023-Journal-of-Veterinary-Behavior-award-winners-300x127.png 300w, https:\/\/memoriappgpse.ip.usp.br\/wp-content\/uploads\/sites\/822\/2024\/03\/banner-The-2023-Journal-of-Veterinary-Behavior-award-winners-400x170.png 400w\" sizes=\"auto, (max-width: 650px) 100vw, 650px\" \/>\t\t\t\t\t<\/a>\n\t\t\t\t\t<div class=\"slide-caption\">\n\t\t\t\t\t\t<a href=\"https:\/\/memoriappgpse.ip.usp.br\/es\/2024\/07\/08\/e-o-improving-pet-welfare-award-e-para-naila-fukimoto\/\" title=\"\u00a1Y el Improving Pet Welfare Award \u00e9 para Naila Fukimoto!\"><h2 class=\"slide-title\">\u00a1Y el Improving Pet Welfare Award \u00e9 para Naila Fukimoto!<\/h2><\/a>\n\t\t\t\t\t<\/div>\n\t\t\t\t<\/article>\n\t\t\t\t<\/li>\t\t\t<\/ul>\n\t\t<\/section><\/div>\n<\/div>\n<\/div>\n<\/div>","protected":false},"excerpt":{"rendered":"<p>Nos complace anunciar que la estudiante de doctorado Naila Fukimoto y las profesoras Carine Savalli Redigolo y Natalia de Souza Albuquerque han ganado el premio Improving Pet Welfare Award 2023 del Journal of Veterinary Behavior. El premio Improving Pet Welfare fue entregado por el trabajo \u00abSynchronous citizen science: A new method for cat behavior research\u201d. Como ha escrito el Journal of Veterinary Behavior: \u00abEl premio Improving Pet Welfare se concede a un trabajo que presente una investigaci\u00f3n original, basada en pruebas, en perros, gatos, aves y\/o caballos, que investigue la prevenci\u00f3n, reducci\u00f3n o evaluaci\u00f3n del miedo, la ansiedad y el estr\u00e9s asociados a las visitas veterinarias, incluidos el viaje, las instalaciones, los procedimientos, la hospitalizaci\u00f3n o el regreso a casa. Los estudios realizados en instalaciones de refugio relacionados con la evaluaci\u00f3n de medidas o la valoraci\u00f3n de intervenciones se considerar\u00e1n si consiguen resultados que tengan aplicaciones directas a las visitas veterinarias o la hospitalizaci\u00f3n\u00bb(2023). Para acceder al trabajo premiado, puede hacer clic en el art\u00edculo doi https:\/\/doi.org\/10.1016\/j.jveb.2023.02.001. Para m\u00e1s informaci\u00f3n sobre el premio, puede acceder al enlace https:\/\/www.sciencedirect.com\/journal\/journal-of-veterinary-behavior\/about\/awards.<\/p>\n","protected":false},"author":21984,"featured_media":0,"parent":0,"menu_order":0,"comment_status":"closed","ping_status":"closed","template":"","meta":{"_monsterinsights_skip_tracking":false,"_monsterinsights_sitenote_active":false,"_monsterinsights_sitenote_note":"","_monsterinsights_sitenote_category":0,"footnotes":"","_links_to":"","_links_to_target":""},"class_list":["post-27","page","type-page","status-publish","hentry"],"_links":{"self":[{"href":"https:\/\/memoriappgpse.ip.usp.br\/es\/wp-json\/wp\/v2\/pages\/27","targetHints":{"allow":["GET"]}}],"collection":[{"href":"https:\/\/memoriappgpse.ip.usp.br\/es\/wp-json\/wp\/v2\/pages"}],"about":[{"href":"https:\/\/memoriappgpse.ip.usp.br\/es\/wp-json\/wp\/v2\/types\/page"}],"author":[{"embeddable":true,"href":"https:\/\/memoriappgpse.ip.usp.br\/es\/wp-json\/wp\/v2\/users\/21984"}],"replies":[{"embeddable":true,"href":"https:\/\/memoriappgpse.ip.usp.br\/es\/wp-json\/wp\/v2\/comments?post=27"}],"version-history":[{"count":5,"href":"https:\/\/memoriappgpse.ip.usp.br\/es\/wp-json\/wp\/v2\/pages\/27\/revisions"}],"predecessor-version":[{"id":737,"href":"https:\/\/memoriappgpse.ip.usp.br\/es\/wp-json\/wp\/v2\/pages\/27\/revisions\/737"}],"wp:attachment":[{"href":"https:\/\/memoriappgpse.ip.usp.br\/es\/wp-json\/wp\/v2\/media?parent=27"}],"curies":[{"name":"wp","href":"https:\/\/api.w.org\/{rel}","templated":true}]}}