{"id":23,"date":"2020-10-23T08:02:56","date_gmt":"2020-10-23T11:02:56","guid":{"rendered":"https:\/\/memoriappgpse.ip.usp.br\/?page_id=23"},"modified":"2023-09-18T10:26:39","modified_gmt":"2023-09-18T13:26:39","slug":"quem-somos","status":"publish","type":"page","link":"https:\/\/memoriappgpse.ip.usp.br\/es\/quem-somos\/","title":{"rendered":"\u00bfQui\u00e9nes somos?"},"content":{"rendered":"En 2020 celebramos 50 a\u00f1os, haciendo del El PPG-PSE uno de los programas de posgrado en psicolog\u00eda m\u00e1s antiguos de Brasil. . La construcci\u00f3n del portal tiene como objetivo dar visibilidad a nuestras producciones, registrando eventos que marcan la actuaci\u00f3n de nuestros profesores y estudiantes en la ense\u00f1anza, la investigaci\u00f3n y la extensi\u00f3n universitaria. La memoria se concibe aqu\u00ed como una memoria viva, actualizada. Por lo tanto, lo que sucede en el PPG tiene la posibilidad de ser registrado junto con los nuevos significados atribuidos a eventos pasados y rememorados.<\/p>\n<p>El PPG-PSE es responsable del curso de posgrado en Psicolog\u00eda (Psicolog\u00eda Experimental) y est\u00e1 vinculado al Departamento de Psicolog\u00eda Experimental del Instituto de Psicolog\u00eda de la Universidad de S\u00e3o Paulo (IPUSP). El funcionamiento del curso fue autorizado por la C\u00e1mara de Posgrado del CEPE, el 7 de mayo de 1970, a nivel de maestr\u00eda y, el 21 de enero de 1974, a nivel de doctorado. El 5 de diciembre de 1980, estos niveles fueron acreditados por el Consejo Federal de Educaci\u00f3n y fueron reacreditados seg\u00fan el dictamen CFE 509\/86 y Proc. CAPES 23.038.003.788\/85-38.<\/p>\n<p>El programa tiene como objetivo el desarrollo de actividades de investigaci\u00f3n y formaci\u00f3n de recursos humanos, con el fin de: a) fortalecer la investigaci\u00f3n te\u00f3rica y la investigaci\u00f3n experimental y psicol\u00f3gica en \u00e1reas como el aprendizaje, la emoci\u00f3n, la memoria, la sensaci\u00f3n, la percepci\u00f3n, la motivaci\u00f3n, el lenguaje y la cognici\u00f3n, la cultura, la historia y la filosof\u00eda de la psicolog\u00eda, buscando una producci\u00f3n cient\u00edfica fronteriza e internacionalizada; b) formar nuevos investigadores y profesores calificados para difundir y multiplicar este conocimiento en otros centros del pa\u00eds y derivar soluciones pr\u00e1cticas a problemas sociales y regionales a partir de este conocimiento; c) desempe\u00f1ar un papel en la formaci\u00f3n de psic\u00f3logos, promoviendo la participaci\u00f3n de los estudiantes en investigaciones sistem\u00e1ticas supervisadas y en an\u00e1lisis de \u00e1reas de investigaci\u00f3n, con el fin de desarrollar una actitud cient\u00edfica y de reflexi\u00f3n metodol\u00f3gica; d) funcionar como un contexto de integraci\u00f3n multidisciplinaria, centrado en la comprensi\u00f3n de los fen\u00f3menos psicol\u00f3gicos.<\/p>\n<p>El programa tiene como objetivo formar investigadores y profesores calificados para difundir y multiplicar este conocimiento en otros centros del pa\u00eds y derivar soluciones pr\u00e1cticas a problemas sociales y regionales a partir de este conocimiento. Para la formaci\u00f3n a nivel de maestr\u00eda, buscamos formar investigadores y profesores con un nivel superior capacitados para comprender la articulaci\u00f3n entre las teor\u00edas y metodolog\u00edas utilizadas en el proceso de construcci\u00f3n del conocimiento, los fundamentos epistemol\u00f3gicos articulados por las diversas l\u00edneas de investigaci\u00f3n del PPG y su integraci\u00f3n en el campo de aplicaci\u00f3n. Para el doctorado, buscamos formar investigadores y profesores con un nivel superior con gran autonom\u00eda para identificar problemas y encontrar soluciones a los obst\u00e1culos que surgen durante la investigaci\u00f3n, as\u00ed como capacitarlos para proponer innovaciones te\u00f3ricas, metodol\u00f3gicas y tecnol\u00f3gicas.","protected":false},"excerpt":{"rendered":"<p>En 2020 celebramos 50 a\u00f1os, haciendo del El PPG-PSE uno de los programas de posgrado en psicolog\u00eda m\u00e1s antiguos de Brasil. . La construcci\u00f3n del portal tiene como objetivo dar visibilidad a nuestras producciones, registrando eventos que marcan la actuaci\u00f3n de nuestros profesores y estudiantes en la ense\u00f1anza, la investigaci\u00f3n y la extensi\u00f3n universitaria. La memoria se concibe aqu\u00ed como una memoria viva, actualizada. Por lo tanto, lo que sucede en el PPG tiene la posibilidad de ser registrado junto con los nuevos significados atribuidos a eventos pasados y rememorados. El PPG-PSE es responsable del curso de posgrado en Psicolog\u00eda (Psicolog\u00eda Experimental) y est\u00e1 vinculado al Departamento de Psicolog\u00eda Experimental del Instituto de Psicolog\u00eda de la Universidad de S\u00e3o Paulo (IPUSP). El funcionamiento del curso fue autorizado por la C\u00e1mara de Posgrado del CEPE, el 7 de mayo de 1970, a nivel de maestr\u00eda y, el 21 de enero de 1974, a nivel de doctorado. El 5 de diciembre de 1980, estos niveles fueron acreditados por el Consejo Federal de Educaci\u00f3n y fueron reacreditados seg\u00fan el dictamen CFE 509\/86 y Proc. CAPES 23.038.003.788\/85-38. El programa tiene como objetivo el desarrollo de actividades de investigaci\u00f3n y formaci\u00f3n de recursos humanos, con [&#8230;]<\/p>\n","protected":false},"author":21984,"featured_media":0,"parent":0,"menu_order":0,"comment_status":"closed","ping_status":"closed","template":"","meta":{"_monsterinsights_skip_tracking":false,"_monsterinsights_sitenote_active":false,"_monsterinsights_sitenote_note":"","_monsterinsights_sitenote_category":0,"footnotes":"","_links_to":"","_links_to_target":""},"class_list":["post-23","page","type-page","status-publish","hentry"],"_links":{"self":[{"href":"https:\/\/memoriappgpse.ip.usp.br\/es\/wp-json\/wp\/v2\/pages\/23","targetHints":{"allow":["GET"]}}],"collection":[{"href":"https:\/\/memoriappgpse.ip.usp.br\/es\/wp-json\/wp\/v2\/pages"}],"about":[{"href":"https:\/\/memoriappgpse.ip.usp.br\/es\/wp-json\/wp\/v2\/types\/page"}],"author":[{"embeddable":true,"href":"https:\/\/memoriappgpse.ip.usp.br\/es\/wp-json\/wp\/v2\/users\/21984"}],"replies":[{"embeddable":true,"href":"https:\/\/memoriappgpse.ip.usp.br\/es\/wp-json\/wp\/v2\/comments?post=23"}],"version-history":[{"count":5,"href":"https:\/\/memoriappgpse.ip.usp.br\/es\/wp-json\/wp\/v2\/pages\/23\/revisions"}],"predecessor-version":[{"id":821,"href":"https:\/\/memoriappgpse.ip.usp.br\/es\/wp-json\/wp\/v2\/pages\/23\/revisions\/821"}],"wp:attachment":[{"href":"https:\/\/memoriappgpse.ip.usp.br\/es\/wp-json\/wp\/v2\/media?parent=23"}],"curies":[{"name":"wp","href":"https:\/\/api.w.org\/{rel}","templated":true}]}}