{"id":10,"date":"2020-10-23T07:46:00","date_gmt":"2020-10-23T10:46:00","guid":{"rendered":"https:\/\/memoriappgpse.ip.usp.br\/?page_id=10"},"modified":"2024-01-15T11:52:46","modified_gmt":"2024-01-15T14:52:46","slug":"equipe","status":"publish","type":"page","link":"https:\/\/memoriappgpse.ip.usp.br\/es\/quem-somos\/equipe\/","title":{"rendered":"N\u00facleo de Divulgaci\u00f3n Cient\u00edfica del Programa de Posgrado en Psicolog\u00eda Experimental"},"content":{"rendered":"<em>El producto de divulgaci\u00f3n cient\u00edfica no es lo mismo que la producci\u00f3n cient\u00edfica. La divulgaci\u00f3n cient\u00edfica implica la transposici\u00f3n del lenguaje de las producciones, conocimientos y pr\u00e1cticas acad\u00e9mico-cient\u00edficas a un lenguaje accesible para el p\u00fablico no acad\u00e9mico.<\/em><\/p>\n<h3><strong>Equipo del N\u00facleo de Divulgaci\u00f3n Cient\u00edfica<\/strong><\/h3>\n<p>El n\u00facleo de divulgaci\u00f3n cient\u00edfica del Programa de Posgrado en Psicolog\u00eda Experimental tiene como objetivo promover la divulgaci\u00f3n cient\u00edfica, abarcando la diversidad del programa en sus 4 \u00e1reas de investigaci\u00f3n: Comportamiento animal y etolog\u00eda Humana, an\u00e1lisis del Comportamiento, sensaci\u00f3n, percepci\u00f3n y Cognici\u00f3n, y problemas te\u00f3ricos y metodol\u00f3gicos de la investigaci\u00f3n psicol\u00f3gica. El n\u00facleo est\u00e1 compuesto por estudiantes de posgrado (maestr\u00eda y doctorado), responsables de mediar entre las solicitudes de publicaci\u00f3n de las \u00e1reas y laboratorios del PPG-PSE y los canales de publicaci\u00f3n oficiales del programa, abarcando la diversidad de \u00e1reas de investigaci\u00f3n del PPG. La composici\u00f3n del equipo se renueva cada seis meses, lo que permite la rotaci\u00f3n de personas con la participaci\u00f3n de nuevos estudiantes del posgrado.<\/p>\n<p>Contacto con el equipo: <a href=\"mailto:acontecenoppgpse@usp.br\" target=\"_new\" rel=\"noopener\">acontecenoppgpse@usp.br<\/a><\/p>\n<p>Formulario para solicitar\u00a0divulgaci\u00f3n cient\u00edfica del PPG-PSE: <a href=\"https:\/\/forms.gle\/RKfZiNWefoUoYfHP6\" target=\"_new\" rel=\"noopener\">https:\/\/forms.gle\/RKfZiNWefoUoYfHP6<\/a><\/p>\n<hr \/>\n<h4><strong>Equipo 2023.1:<\/strong><\/h4>\n<ul>\n<li>Amanda Watson Martins\n<ul>\n<li>Estudiante de maestr\u00eda en Psicologia Experimental, Laborat\u00f3rio Interinstitucional de Estudos da Intersubjetividade e Psican\u00e1lise Contempor\u00e2nea, Grupo Psican\u00e1lise Experimental<\/li>\n<\/ul>\n<\/li>\n<li>Daniela Rocha &#8211; Jurado\n<ul>\n<li>Doctoranda en Psicologia Experimental, Laborat\u00f3rio de Operantes Verbais (LEOV)<\/li>\n<\/ul>\n<\/li>\n<li>Eduardo Cunha Vilela\n<ul>\n<li>Doctorando en Psicologia Experimental, Laborat\u00f3rio de An\u00e1lise Experimental do Comportamento<\/li>\n<\/ul>\n<\/li>\n<li>Eliane dos Santos Cabral\n<ul>\n<li>Auxiliar de Administraci\u00f3n, Departamento de Psicologia Experimental<\/li>\n<\/ul>\n<\/li>\n<li>Henrique Pereira Rufo\n<ul>\n<li>Doctorando en Psicologia Experimental, Laborat\u00f3rio de Evolu\u00e7\u00e3o Cultural<\/li>\n<\/ul>\n<\/li>\n<li>Igor Paulo de Souza\n<ul>\n<li>Estudiante de maestr\u00eda en Psicologia Experimental, Laborat\u00f3rio de problemas te\u00f3ricos y metodol\u00f3gicos de la investigaci\u00f3n psicol\u00f3gica<\/li>\n<\/ul>\n<\/li>\n<li>Tania Kiehl Lucci\n<ul>\n<li>T\u00e9cnica Procontes, Laborat\u00f3rio Did\u00e1tico de Etologia<\/li>\n<\/ul>\n<\/li>\n<li>Timon Lebaron-Kh\u00e9rif\n<ul>\n<li>Doctorando en Psicologia Experimental, Laborat\u00f3rio Did\u00e1tico de Etologia<\/li>\n<\/ul>\n<\/li>\n<\/ul>\n<hr \/>\n<h4><strong>Equipo 2021.1:<\/strong><\/h4>\n<ul>\n<li>Ana Cleide Vieira Gomes Guimbal de Aquino (doutoranda, CAEto)<\/li>\n<li>Dario Marinho de Lima Neto (mestrando, PTMPP)<\/li>\n<li>J\u00e9ssica Laube de Andrade Lima (mestranda, PTMPP)<\/li>\n<li>Luiz Henrique Santana (doutorando, AEC)<\/li>\n<li>Marcela Prata Oliveira (mestranda, AEC)<\/li>\n<li>P\u00e2mela Damilano dos Santos (mestranda, PTMPP)<\/li>\n<li>Sofia Azevedo de Ara\u00fajo (mestranda, AEC)<\/li>\n<\/ul>","protected":false},"excerpt":{"rendered":"<p>El producto de divulgaci\u00f3n cient\u00edfica no es lo mismo que la producci\u00f3n cient\u00edfica. La divulgaci\u00f3n cient\u00edfica implica la transposici\u00f3n del lenguaje de las producciones, conocimientos y pr\u00e1cticas acad\u00e9mico-cient\u00edficas a un lenguaje accesible para el p\u00fablico no acad\u00e9mico. Equipo del N\u00facleo de Divulgaci\u00f3n Cient\u00edfica El n\u00facleo de divulgaci\u00f3n cient\u00edfica del Programa de Posgrado en Psicolog\u00eda Experimental tiene como objetivo promover la divulgaci\u00f3n cient\u00edfica, abarcando la diversidad del programa en sus 4 \u00e1reas de investigaci\u00f3n: Comportamiento animal y etolog\u00eda Humana, an\u00e1lisis del Comportamiento, sensaci\u00f3n, percepci\u00f3n y Cognici\u00f3n, y problemas te\u00f3ricos y metodol\u00f3gicos de la investigaci\u00f3n psicol\u00f3gica. El n\u00facleo est\u00e1 compuesto por estudiantes de posgrado (maestr\u00eda y doctorado), responsables de mediar entre las solicitudes de publicaci\u00f3n de las \u00e1reas y laboratorios del PPG-PSE y los canales de publicaci\u00f3n oficiales del programa, abarcando la diversidad de \u00e1reas de investigaci\u00f3n del PPG. La composici\u00f3n del equipo se renueva cada seis meses, lo que permite la rotaci\u00f3n de personas con la participaci\u00f3n de nuevos estudiantes del posgrado. Contacto con el equipo: acontecenoppgpse@usp.br Formulario para solicitar\u00a0divulgaci\u00f3n cient\u00edfica del PPG-PSE: https:\/\/forms.gle\/RKfZiNWefoUoYfHP6 Equipo 2023.1: Amanda Watson Martins Estudiante de maestr\u00eda en Psicologia Experimental, Laborat\u00f3rio Interinstitucional de Estudos da Intersubjetividade e Psican\u00e1lise Contempor\u00e2nea, Grupo Psican\u00e1lise Experimental Daniela Rocha &#8211; Jurado [&#8230;]<\/p>\n","protected":false},"author":21984,"featured_media":0,"parent":23,"menu_order":0,"comment_status":"closed","ping_status":"closed","template":"","meta":{"_monsterinsights_skip_tracking":false,"_monsterinsights_sitenote_active":false,"_monsterinsights_sitenote_note":"","_monsterinsights_sitenote_category":0,"footnotes":"","_links_to":"","_links_to_target":""},"class_list":["post-10","page","type-page","status-publish","hentry"],"_links":{"self":[{"href":"https:\/\/memoriappgpse.ip.usp.br\/es\/wp-json\/wp\/v2\/pages\/10","targetHints":{"allow":["GET"]}}],"collection":[{"href":"https:\/\/memoriappgpse.ip.usp.br\/es\/wp-json\/wp\/v2\/pages"}],"about":[{"href":"https:\/\/memoriappgpse.ip.usp.br\/es\/wp-json\/wp\/v2\/types\/page"}],"author":[{"embeddable":true,"href":"https:\/\/memoriappgpse.ip.usp.br\/es\/wp-json\/wp\/v2\/users\/21984"}],"replies":[{"embeddable":true,"href":"https:\/\/memoriappgpse.ip.usp.br\/es\/wp-json\/wp\/v2\/comments?post=10"}],"version-history":[{"count":5,"href":"https:\/\/memoriappgpse.ip.usp.br\/es\/wp-json\/wp\/v2\/pages\/10\/revisions"}],"predecessor-version":[{"id":952,"href":"https:\/\/memoriappgpse.ip.usp.br\/es\/wp-json\/wp\/v2\/pages\/10\/revisions\/952"}],"up":[{"embeddable":true,"href":"https:\/\/memoriappgpse.ip.usp.br\/es\/wp-json\/wp\/v2\/pages\/23"}],"wp:attachment":[{"href":"https:\/\/memoriappgpse.ip.usp.br\/es\/wp-json\/wp\/v2\/media?parent=10"}],"curies":[{"name":"wp","href":"https:\/\/api.w.org\/{rel}","templated":true}]}}