{"id":5,"date":"2020-10-23T07:39:37","date_gmt":"2020-10-23T10:39:37","guid":{"rendered":"https:\/\/memoriappgpse.ip.usp.br\/?page_id=5"},"modified":"2023-08-21T10:43:46","modified_gmt":"2023-08-21T13:43:46","slug":"contato","status":"publish","type":"page","link":"https:\/\/memoriappgpse.ip.usp.br\/en\/contato\/","title":{"rendered":"Contact"},"content":{"rendered":"Contact the team: <a href=\"mailto:acontecenoppgpse@usp.br\">acontecenoppgpse@usp.br<\/a><\/p>\n<p>Submission form for scientific outreach content from PPG-PSE: <a href=\"https:\/\/forms.gle\/RKfZiNWefoUoYfHP6\">https:\/\/forms.gle\/RKfZiNWefoUoYfHP6<\/a><\/p>\n\n<div class=\"wpcf7 no-js\" id=\"wpcf7-f8-o3\" lang=\"pt-BR\" dir=\"ltr\" data-wpcf7-id=\"8\">\n<div class=\"screen-reader-response\"><p role=\"status\" aria-live=\"polite\" aria-atomic=\"true\"><\/p> <ul><\/ul><\/div>\n<form action=\"\/en\/wp-json\/wp\/v2\/pages\/5#wpcf7-f8-o3\" method=\"post\" class=\"wpcf7-form init\" aria-label=\"Formul\u00e1rios de contato\" novalidate=\"novalidate\" data-status=\"init\">\n<fieldset class=\"hidden-fields-container\"><input type=\"hidden\" name=\"_wpcf7\" value=\"8\" \/><input type=\"hidden\" name=\"_wpcf7_version\" value=\"6.1.5\" \/><input type=\"hidden\" name=\"_wpcf7_locale\" value=\"pt_BR\" \/><input type=\"hidden\" name=\"_wpcf7_unit_tag\" value=\"wpcf7-f8-o3\" \/><input type=\"hidden\" name=\"_wpcf7_container_post\" value=\"0\" \/><input type=\"hidden\" name=\"_wpcf7_posted_data_hash\" value=\"\" \/>\n<\/fieldset>\n<p>Programa de P\u00f3s-Gradua\u00e7\u00e3o em Psicologia Experimental<br \/>\nEndere\u00e7o: Av. Professor Mello Morais<br \/>\nCidade Universit\u00e1ria - Butant\u00e3<br \/>\nS\u00e3o Paulo - SP<br \/>\nCEP 05508-030\n<\/p>\n<p><b>Envie uma mensagem \/ Envie un mensaje \/ Send us a message <\/b>\n<\/p>\n<p>Seu nome* \/ Su nombre* \/ Your name*\n<\/p>\n<p><span class=\"wpcf7-form-control-wrap\" data-name=\"your-name\"><input size=\"40\" maxlength=\"400\" class=\"wpcf7-form-control wpcf7-text wpcf7-validates-as-required\" aria-required=\"true\" aria-invalid=\"false\" value=\"\" type=\"text\" name=\"your-name\" \/><\/span>\n<\/p>\n<p>Seu e-mail* \/ Su e-mail* \/ Your e-mail*\n<\/p>\n<p><span class=\"wpcf7-form-control-wrap\" data-name=\"your-email\"><input size=\"40\" maxlength=\"400\" class=\"wpcf7-form-control wpcf7-email wpcf7-validates-as-required wpcf7-text wpcf7-validates-as-email\" aria-required=\"true\" aria-invalid=\"false\" value=\"\" type=\"email\" name=\"your-email\" \/><\/span>\n<\/p>\n<p>Assunto* \/ Asunto* \/ Topic*\n<\/p>\n<p><span class=\"wpcf7-form-control-wrap\" data-name=\"your-subject\"><input size=\"40\" maxlength=\"400\" class=\"wpcf7-form-control wpcf7-text wpcf7-validates-as-required\" aria-required=\"true\" aria-invalid=\"false\" value=\"\" type=\"text\" name=\"your-subject\" \/><\/span>\n<\/p>\n<p>Sua mensagem* \/ Su mensaje* \/ Your message*\n<\/p>\n<p><span class=\"wpcf7-form-control-wrap\" data-name=\"your-message\"><textarea cols=\"40\" rows=\"10\" maxlength=\"2000\" class=\"wpcf7-form-control wpcf7-textarea wpcf7-validates-as-required\" aria-required=\"true\" aria-invalid=\"false\" name=\"your-message\"><\/textarea><\/span>\n<\/p>\n<p><input class=\"wpcf7-form-control wpcf7-submit has-spinner\" type=\"submit\" value=\"Enviar \/ Submit\" \/>\n<\/p><div class=\"wpcf7-response-output\" aria-hidden=\"true\"><\/div>\n<\/form>\n<\/div>","protected":false},"excerpt":{"rendered":"<p>Contact the team: acontecenoppgpse@usp.br Submission form for scientific outreach content from PPG-PSE: https:\/\/forms.gle\/RKfZiNWefoUoYfHP6 Programa de P\u00f3s-Gradua\u00e7\u00e3o em Psicologia Experimental Endere\u00e7o: Av. Professor Mello Morais Cidade Universit\u00e1ria &#8211; Butant\u00e3 S\u00e3o Paulo &#8211; SP CEP 05508-030 Envie uma mensagem \/ Envie un mensaje \/ Send us a message Seu nome* \/ Su nombre* \/ Your name* Seu e-mail* \/ Su e-mail* \/ Your e-mail* Assunto* \/ Asunto* \/ Topic* Sua mensagem* \/ Su mensaje* \/ Your message*<\/p>\n","protected":false},"author":21984,"featured_media":0,"parent":0,"menu_order":0,"comment_status":"closed","ping_status":"closed","template":"","meta":{"_monsterinsights_skip_tracking":false,"_monsterinsights_sitenote_active":false,"_monsterinsights_sitenote_note":"","_monsterinsights_sitenote_category":0,"footnotes":"","_links_to":"","_links_to_target":""},"class_list":["post-5","page","type-page","status-publish","hentry"],"_links":{"self":[{"href":"https:\/\/memoriappgpse.ip.usp.br\/en\/wp-json\/wp\/v2\/pages\/5","targetHints":{"allow":["GET"]}}],"collection":[{"href":"https:\/\/memoriappgpse.ip.usp.br\/en\/wp-json\/wp\/v2\/pages"}],"about":[{"href":"https:\/\/memoriappgpse.ip.usp.br\/en\/wp-json\/wp\/v2\/types\/page"}],"author":[{"embeddable":true,"href":"https:\/\/memoriappgpse.ip.usp.br\/en\/wp-json\/wp\/v2\/users\/21984"}],"replies":[{"embeddable":true,"href":"https:\/\/memoriappgpse.ip.usp.br\/en\/wp-json\/wp\/v2\/comments?post=5"}],"version-history":[{"count":4,"href":"https:\/\/memoriappgpse.ip.usp.br\/en\/wp-json\/wp\/v2\/pages\/5\/revisions"}],"predecessor-version":[{"id":742,"href":"https:\/\/memoriappgpse.ip.usp.br\/en\/wp-json\/wp\/v2\/pages\/5\/revisions\/742"}],"wp:attachment":[{"href":"https:\/\/memoriappgpse.ip.usp.br\/en\/wp-json\/wp\/v2\/media?parent=5"}],"curies":[{"name":"wp","href":"https:\/\/api.w.org\/{rel}","templated":true}]}}