{"id":362,"date":"2023-03-10T18:44:09","date_gmt":"2023-03-10T21:44:09","guid":{"rendered":"https:\/\/memoriappgpse.ip.usp.br\/?page_id=362"},"modified":"2023-08-14T11:37:56","modified_gmt":"2023-08-14T14:37:56","slug":"rd-ccp-pse","status":"publish","type":"page","link":"https:\/\/memoriappgpse.ip.usp.br\/en\/ccp-pse\/rd-ccp-pse\/","title":{"rendered":"Representa\u00e7\u00e3o Discente na CCP-PSE"},"content":{"rendered":"<h4>Per\u00edodo 2022-2023<\/h4>\n<p>Titular: Ver\u00f4nica dos Santos Sales (Mestranda em Psicologia Experimental)<br \/>\nSuplente: Timon Lebaron-Kh\u00e9rif (Doutorando em Psicologia Experimental, Laborat\u00f3rio Did\u00e1tico de Etologia)","protected":false},"excerpt":{"rendered":"<p>Per\u00edodo 2022-2023 Titular: Ver\u00f4nica dos Santos Sales (Mestranda em Psicologia Experimental) Suplente: Timon Lebaron-Kh\u00e9rif (Doutorando em Psicologia Experimental, Laborat\u00f3rio Did\u00e1tico de Etologia)<\/p>\n","protected":false},"author":21984,"featured_media":0,"parent":53,"menu_order":0,"comment_status":"closed","ping_status":"closed","template":"","meta":{"_monsterinsights_skip_tracking":false,"_monsterinsights_sitenote_active":false,"_monsterinsights_sitenote_note":"","_monsterinsights_sitenote_category":0,"footnotes":"","_links_to":"","_links_to_target":""},"class_list":["post-362","page","type-page","status-publish","hentry"],"_links":{"self":[{"href":"https:\/\/memoriappgpse.ip.usp.br\/en\/wp-json\/wp\/v2\/pages\/362","targetHints":{"allow":["GET"]}}],"collection":[{"href":"https:\/\/memoriappgpse.ip.usp.br\/en\/wp-json\/wp\/v2\/pages"}],"about":[{"href":"https:\/\/memoriappgpse.ip.usp.br\/en\/wp-json\/wp\/v2\/types\/page"}],"author":[{"embeddable":true,"href":"https:\/\/memoriappgpse.ip.usp.br\/en\/wp-json\/wp\/v2\/users\/21984"}],"replies":[{"embeddable":true,"href":"https:\/\/memoriappgpse.ip.usp.br\/en\/wp-json\/wp\/v2\/comments?post=362"}],"version-history":[{"count":4,"href":"https:\/\/memoriappgpse.ip.usp.br\/en\/wp-json\/wp\/v2\/pages\/362\/revisions"}],"predecessor-version":[{"id":720,"href":"https:\/\/memoriappgpse.ip.usp.br\/en\/wp-json\/wp\/v2\/pages\/362\/revisions\/720"}],"up":[{"embeddable":true,"href":"https:\/\/memoriappgpse.ip.usp.br\/en\/wp-json\/wp\/v2\/pages\/53"}],"wp:attachment":[{"href":"https:\/\/memoriappgpse.ip.usp.br\/en\/wp-json\/wp\/v2\/media?parent=362"}],"curies":[{"name":"wp","href":"https:\/\/api.w.org\/{rel}","templated":true}]}}