{"id":27,"date":"2020-10-23T08:05:46","date_gmt":"2020-10-23T11:05:46","guid":{"rendered":"https:\/\/memoriappgpse.ip.usp.br\/?page_id=27"},"modified":"2023-08-20T10:54:12","modified_gmt":"2023-08-20T13:54:12","slug":"pagina-inicial","status":"publish","type":"page","link":"https:\/\/memoriappgpse.ip.usp.br\/en\/","title":{"rendered":"Memory Portal of the Post-Graduate Program in Experimental Psychology"},"content":{"rendered":"<div id=\"pl-27\" class=\"panel-layout\">\n<div id=\"pg-27-0\" class=\"panel-grid panel-no-style\" data-style=\"{&quot;background_image_attachment&quot;:false,&quot;background_display&quot;:&quot;tile&quot;,&quot;background_image_size&quot;:&quot;full&quot;,&quot;border_thickness&quot;:&quot;1px&quot;,&quot;cell_alignment&quot;:&quot;flex-start&quot;}\" data-ratio=\"1\" data-ratio-direction=\"right\">\n<h1 id=\"pgc-27-0-0\" class=\"panel-grid-cell panel-grid-cell-empty\" data-weight=\"1\">What&#8217;s new on the Portal:<\/h1>\n<\/div>\n<div id=\"pg-27-1\" class=\"panel-grid panel-no-style\">\n<div id=\"pgc-27-1-0\" class=\"panel-grid-cell\" data-weight=\"1\">\n<div id=\"panel-27-1-0-0\" class=\"so-panel widget widget_mh_slider_hp mh_slider_hp panel-first-child panel-last-child\" data-index=\"0\" data-style=\"{&quot;background_image_attachment&quot;:false,&quot;background_display&quot;:&quot;tile&quot;,&quot;background_image_size&quot;:&quot;full&quot;,&quot;border_thickness&quot;:&quot;1px&quot;}\">        <section id=\"slider-1121\" class=\"flexslider\">\n\t\t\t<ul class=\"slides\">\t\t\t\t<li>\n\t\t\t\t<article class=\"slide-wrap\">\n\t\t\t\t\t<a href=\"https:\/\/memoriappgpse.ip.usp.br\/en\/2024\/10\/16\/1%e2%81%b0-encontro-de-psicologia-indigena-saude-e-bem-viver\/\" title=\"(Portugu\u00eas do Brasil) 1\u2070 Encontro de Psicologia Ind\u00edgena, Sa\u00fade e Bem-Viver\"><img loading=\"lazy\" decoding=\"async\" width=\"650\" height=\"276\" src=\"https:\/\/memoriappgpse.ip.usp.br\/wp-content\/uploads\/sites\/822\/2024\/10\/Copia-de-modelo-de-banner.png\" class=\"attachment-content size-content wp-post-image\" alt=\"\" srcset=\"https:\/\/memoriappgpse.ip.usp.br\/wp-content\/uploads\/sites\/822\/2024\/10\/Copia-de-modelo-de-banner.png 650w, https:\/\/memoriappgpse.ip.usp.br\/wp-content\/uploads\/sites\/822\/2024\/10\/Copia-de-modelo-de-banner-300x127.png 300w, https:\/\/memoriappgpse.ip.usp.br\/wp-content\/uploads\/sites\/822\/2024\/10\/Copia-de-modelo-de-banner-400x170.png 400w\" sizes=\"auto, (max-width: 650px) 100vw, 650px\" \/>\t\t\t\t\t<\/a>\n\t\t\t\t\t<div class=\"slide-caption\">\n\t\t\t\t\t\t<a href=\"https:\/\/memoriappgpse.ip.usp.br\/en\/2024\/10\/16\/1%e2%81%b0-encontro-de-psicologia-indigena-saude-e-bem-viver\/\" title=\"(Portugu\u00eas do Brasil) 1\u2070 Encontro de Psicologia Ind\u00edgena, Sa\u00fade e Bem-Viver\"><h2 class=\"slide-title\">(Portugu\u00eas do Brasil) 1\u2070 Encontro de Psicologia Ind\u00edgena, Sa\u00fade e Bem-Viver<\/h2><\/a>\n\t\t\t\t\t<\/div>\n\t\t\t\t<\/article>\n\t\t\t\t<\/li>\t\t\t\t<li>\n\t\t\t\t<article class=\"slide-wrap\">\n\t\t\t\t\t<a href=\"https:\/\/memoriappgpse.ip.usp.br\/en\/2024\/08\/26\/convite-para-leitura-artigo-sobre-racismo-nas-ciencias-comportamentais\/\" title=\"Check Out: Article on Racism in Behavioral Sciences\"><img decoding=\"async\" src=\"https:\/\/memoriappgpse.ip.usp.br\/wp-content\/plugins\/mh-slider\/widget\/images\/noimage_content.png\" alt=\"No Picture\" \/>\t\t\t\t\t<\/a>\n\t\t\t\t\t<div class=\"slide-caption\">\n\t\t\t\t\t\t<a href=\"https:\/\/memoriappgpse.ip.usp.br\/en\/2024\/08\/26\/convite-para-leitura-artigo-sobre-racismo-nas-ciencias-comportamentais\/\" title=\"Check Out: Article on Racism in Behavioral Sciences\"><h2 class=\"slide-title\">Check Out: Article on Racism in Behavioral Sciences<\/h2><\/a>\n\t\t\t\t\t<\/div>\n\t\t\t\t<\/article>\n\t\t\t\t<\/li>\t\t\t\t<li>\n\t\t\t\t<article class=\"slide-wrap\">\n\t\t\t\t\t<a href=\"https:\/\/memoriappgpse.ip.usp.br\/en\/2024\/08\/14\/convite-i-encontro-de-divulgacao-cientifica-do-pse\/\" title=\"(Portugu\u00eas do Brasil) Convite: I Encontro de Divulga\u00e7\u00e3o Cient\u00edfica do PSE\"><img loading=\"lazy\" decoding=\"async\" width=\"650\" height=\"276\" src=\"https:\/\/memoriappgpse.ip.usp.br\/wp-content\/uploads\/sites\/822\/2024\/08\/f4ee16a8-19ec-4aec-bd95-352544c8a8b0-650x276.jpg\" class=\"attachment-content size-content wp-post-image\" alt=\"\" \/>\t\t\t\t\t<\/a>\n\t\t\t\t\t<div class=\"slide-caption\">\n\t\t\t\t\t\t<a href=\"https:\/\/memoriappgpse.ip.usp.br\/en\/2024\/08\/14\/convite-i-encontro-de-divulgacao-cientifica-do-pse\/\" title=\"(Portugu\u00eas do Brasil) Convite: I Encontro de Divulga\u00e7\u00e3o Cient\u00edfica do PSE\"><h2 class=\"slide-title\">(Portugu\u00eas do Brasil) Convite: I Encontro de Divulga\u00e7\u00e3o Cient\u00edfica do PSE<\/h2><\/a>\n\t\t\t\t\t<\/div>\n\t\t\t\t<\/article>\n\t\t\t\t<\/li>\t\t\t\t<li>\n\t\t\t\t<article class=\"slide-wrap\">\n\t\t\t\t\t<a href=\"https:\/\/memoriappgpse.ip.usp.br\/en\/2024\/07\/15\/parabens-aos-finalistas-do-premio-jabuti-academico-2024\/\" title=\"Congratulations to the Finalists of the 2024 Jabuti Academic Award\"><img loading=\"lazy\" decoding=\"async\" width=\"650\" height=\"276\" src=\"https:\/\/memoriappgpse.ip.usp.br\/wp-content\/uploads\/sites\/822\/2024\/07\/Captura-de-pantalla-2024-07-15-a-las-17.09.48-650x276.png\" class=\"attachment-content size-content wp-post-image\" alt=\"\" \/>\t\t\t\t\t<\/a>\n\t\t\t\t\t<div class=\"slide-caption\">\n\t\t\t\t\t\t<a href=\"https:\/\/memoriappgpse.ip.usp.br\/en\/2024\/07\/15\/parabens-aos-finalistas-do-premio-jabuti-academico-2024\/\" title=\"Congratulations to the Finalists of the 2024 Jabuti Academic Award\"><h2 class=\"slide-title\">Congratulations to the Finalists of the 2024 Jabuti Academic Award<\/h2><\/a>\n\t\t\t\t\t<\/div>\n\t\t\t\t<\/article>\n\t\t\t\t<\/li>\t\t\t\t<li>\n\t\t\t\t<article class=\"slide-wrap\">\n\t\t\t\t\t<a href=\"https:\/\/memoriappgpse.ip.usp.br\/en\/2024\/07\/08\/e-o-improving-pet-welfare-award-e-para-naila-fukimoto\/\" title=\"And the Improving Pet Welfare Award goes to Naila Fukimoto!\"><img loading=\"lazy\" decoding=\"async\" width=\"650\" height=\"276\" src=\"https:\/\/memoriappgpse.ip.usp.br\/wp-content\/uploads\/sites\/822\/2024\/03\/banner-The-2023-Journal-of-Veterinary-Behavior-award-winners.png\" class=\"attachment-content size-content wp-post-image\" alt=\"\" srcset=\"https:\/\/memoriappgpse.ip.usp.br\/wp-content\/uploads\/sites\/822\/2024\/03\/banner-The-2023-Journal-of-Veterinary-Behavior-award-winners.png 650w, https:\/\/memoriappgpse.ip.usp.br\/wp-content\/uploads\/sites\/822\/2024\/03\/banner-The-2023-Journal-of-Veterinary-Behavior-award-winners-300x127.png 300w, https:\/\/memoriappgpse.ip.usp.br\/wp-content\/uploads\/sites\/822\/2024\/03\/banner-The-2023-Journal-of-Veterinary-Behavior-award-winners-400x170.png 400w\" sizes=\"auto, (max-width: 650px) 100vw, 650px\" \/>\t\t\t\t\t<\/a>\n\t\t\t\t\t<div class=\"slide-caption\">\n\t\t\t\t\t\t<a href=\"https:\/\/memoriappgpse.ip.usp.br\/en\/2024\/07\/08\/e-o-improving-pet-welfare-award-e-para-naila-fukimoto\/\" title=\"And the Improving Pet Welfare Award goes to Naila Fukimoto!\"><h2 class=\"slide-title\">And the Improving Pet Welfare Award goes to Naila Fukimoto!<\/h2><\/a>\n\t\t\t\t\t<\/div>\n\t\t\t\t<\/article>\n\t\t\t\t<\/li>\t\t\t<\/ul>\n\t\t<\/section><\/div>\n<\/div>\n<\/div>\n<\/div>","protected":false},"excerpt":{"rendered":"<p>We are pleased to announce that the doctorate student, Naila Fukimoto, and the professors, Carine Savalli Redigolo and Natalia de Souza Albuquerque, winned the 2023 Improving Pet Welfare Award from the Journal of Veterinary Behavior awards. The Improving Pet Welfare Award was achieved because of their paper &#8220;Synchronous citizen science: A new method for cat behavior research\u201d. As the Journal of Veterinary Behavior have wrote: &#8220;The Improving Pet Welfare award is given to one paper which presents original, evidence-based research in dogs, cats, birds and\/or horses, investigating the prevention, reduction or assessment of fear, anxiety, and stress associated with veterinary visits, including travel, facilities, procedures, hospitalization, or return home. Studies conducted in shelter facilities related to evaluating measures or assessing interventions will be considered if they achieve outcomes that would have direct applications to veterinary visits or hospitalization&#8221;(2023). To access the winning paper, you can click on the paper doi https:\/\/doi.org\/10.1016\/j.jveb.2023.02.001. For more information on the award, you can access the link https:\/\/www.sciencedirect.com\/journal\/journal-of-veterinary-behavior\/about\/awards. &nbsp;<\/p>\n","protected":false},"author":21984,"featured_media":0,"parent":0,"menu_order":0,"comment_status":"closed","ping_status":"closed","template":"","meta":{"_monsterinsights_skip_tracking":false,"_monsterinsights_sitenote_active":false,"_monsterinsights_sitenote_note":"","_monsterinsights_sitenote_category":0,"footnotes":"","_links_to":"","_links_to_target":""},"class_list":["post-27","page","type-page","status-publish","hentry"],"_links":{"self":[{"href":"https:\/\/memoriappgpse.ip.usp.br\/en\/wp-json\/wp\/v2\/pages\/27","targetHints":{"allow":["GET"]}}],"collection":[{"href":"https:\/\/memoriappgpse.ip.usp.br\/en\/wp-json\/wp\/v2\/pages"}],"about":[{"href":"https:\/\/memoriappgpse.ip.usp.br\/en\/wp-json\/wp\/v2\/types\/page"}],"author":[{"embeddable":true,"href":"https:\/\/memoriappgpse.ip.usp.br\/en\/wp-json\/wp\/v2\/users\/21984"}],"replies":[{"embeddable":true,"href":"https:\/\/memoriappgpse.ip.usp.br\/en\/wp-json\/wp\/v2\/comments?post=27"}],"version-history":[{"count":5,"href":"https:\/\/memoriappgpse.ip.usp.br\/en\/wp-json\/wp\/v2\/pages\/27\/revisions"}],"predecessor-version":[{"id":737,"href":"https:\/\/memoriappgpse.ip.usp.br\/en\/wp-json\/wp\/v2\/pages\/27\/revisions\/737"}],"wp:attachment":[{"href":"https:\/\/memoriappgpse.ip.usp.br\/en\/wp-json\/wp\/v2\/media?parent=27"}],"curies":[{"name":"wp","href":"https:\/\/api.w.org\/{rel}","templated":true}]}}